{"id":9409,"date":"2023-01-11T01:29:57","date_gmt":"2023-01-11T00:29:57","guid":{"rendered":"https:\/\/wakeparadise.it\/milano\/\/?page_id=9409"},"modified":"2026-04-10T16:24:12","modified_gmt":"2026-04-10T14:24:12","slug":"gift-card","status":"publish","type":"page","link":"https:\/\/wakeparadise.it\/milano\/gift-card\/","title":{"rendered":"Gift Card"},"content":{"rendered":"\t\t<div data-elementor-type=\"wp-page\" data-elementor-id=\"9409\" class=\"elementor elementor-9409\" data-elementor-post-type=\"page\">\n\t\t\t\t<div class=\"elementor-element elementor-element-1fb4de0 e-con-full e-flex qodef-elementor-content-no e-con e-parent\" data-id=\"1fb4de0\" data-element_type=\"container\" data-e-type=\"container\" data-settings=\"{&quot;background_background&quot;:&quot;classic&quot;}\">\n\t\t<div class=\"elementor-element elementor-element-865b712 e-con-full e-flex qodef-elementor-content-no e-con e-child\" data-id=\"865b712\" data-element_type=\"container\" data-e-type=\"container\" data-settings=\"{&quot;background_background&quot;:&quot;classic&quot;}\">\n\t\t\t\t<div class=\"elementor-element elementor-element-930b5ae elementor-widget__width-inherit elementor-widget elementor-widget-qi_addons_for_elementor_section_title\" data-id=\"930b5ae\" data-element_type=\"widget\" data-e-type=\"widget\" data-widget_type=\"qi_addons_for_elementor_section_title.default\">\n\t\t\t\t<div class=\"elementor-widget-container\">\n\t\t\t\t\t<div class=\"qodef-shortcode qodef-m qodef-qi-section-title qodef-decoration--italic qodef-link--underline-draw qodef-subtitle-icon--left\">\n\t\t\t<h1 class=\"qodef-m-title\">\n\t\tGIFTCARD<br \/>\t<\/h1>\n\t\t\t\t<h2 class=\"qodef-m-subtitle\">\n\t\tSURF, WAKE, SKATE &amp; MORE \t\t\t<\/h2>\n\t\t\t<\/div>\n\t\t\t\t<\/div>\n\t\t\t\t<\/div>\n\t\t\t\t<\/div>\n\t\t\t\t<\/div>\n\t\t<div class=\"elementor-element elementor-element-466cb67 e-con-full e-flex qodef-elementor-content-no e-con e-parent\" data-id=\"466cb67\" data-element_type=\"container\" data-e-type=\"container\">\n\t\t<div class=\"elementor-element elementor-element-099ea85 e-con-full e-flex qodef-elementor-content-no e-con e-child\" data-id=\"099ea85\" data-element_type=\"container\" data-e-type=\"container\">\n\t\t\t\t<div class=\"elementor-element elementor-element-17305b5 elementor-widget elementor-widget-qi_addons_for_elementor_section_title\" data-id=\"17305b5\" data-element_type=\"widget\" data-e-type=\"widget\" data-widget_type=\"qi_addons_for_elementor_section_title.default\">\n\t\t\t\t<div class=\"elementor-widget-container\">\n\t\t\t\t\t<div class=\"qodef-shortcode qodef-m qodef-qi-section-title qodef-decoration--italic qodef-link--underline-draw qodef-subtitle-icon--left\">\n\t\t\t\t<h5 class=\"qodef-m-subtitle\">\n\t\t4 DIVERSE TAGLIE DI GIFT CARD SCEGLI LA MISURA ADATTA A TE\t\t\t<\/h5>\n\t\t\t<h2 class=\"qodef-m-title\">\n\t\tQUAL \u00c8 IL VANTAGGIO DI ACQUISTARE UNA GIFTCARD? \u200b\t<\/h2>\n\t\t\t<div class=\"qodef-m-text\"><p>\u00a0<\/p><p><strong>1) MULTISPORT<\/strong> <br \/>Puoi utilizzare il tuo buono scegliendo tra diverse attivit\u00e0 come wakeboard, surf, sup, skate e molto altro<\/p><p><strong>2) FLESSIBILE<\/strong> <br \/>Il destinatario del regalo ha 1 anno di tempo per attivare la gift card<\/p><p><strong>3) ILLIMITATA<\/strong>\u00a0<br \/>Una volta attivata, il credito della gift card non ha scadenza<\/p><\/div>\n\t<\/div>\n\t\t\t\t<\/div>\n\t\t\t\t<\/div>\n\t\t\t\t<\/div>\n\t\t\t\t<\/div>\n\t\t<div class=\"elementor-element elementor-element-96a1652 e-con-full e-flex qodef-elementor-content-no e-con e-parent\" data-id=\"96a1652\" data-element_type=\"container\" data-e-type=\"container\">\n\t\t<div class=\"elementor-element elementor-element-b4022f3 e-con-full e-flex qodef-elementor-content-no e-con e-child\" data-id=\"b4022f3\" data-element_type=\"container\" data-e-type=\"container\">\n\t\t\t\t<div class=\"elementor-element elementor-element-dcd4fee elementor-widget elementor-widget-image\" data-id=\"dcd4fee\" data-element_type=\"widget\" data-e-type=\"widget\" data-widget_type=\"image.default\">\n\t\t\t\t\t\t\t\t\t\t\t\t\t\t\t\t<a href=\"https:\/\/wakeparadise.wakesys.com\/browser\/index.php?page=buy_gift_cards&#038;ID_giftcard=372\" target=\"_blank\">\n\t\t\t\t\t\t\t<img fetchpriority=\"high\" decoding=\"async\" width=\"681\" height=\"1024\" src=\"https:\/\/wakeparadise.it\/milano\/wp-content\/uploads\/sites\/4\/2026\/03\/1-681x1024.png\" class=\"attachment-large size-large wp-image-17595\" alt=\"\" srcset=\"https:\/\/wakeparadise.it\/milano\/wp-content\/uploads\/sites\/4\/2026\/03\/1-681x1024.png 681w, https:\/\/wakeparadise.it\/milano\/wp-content\/uploads\/sites\/4\/2026\/03\/1-199x300.png 199w, https:\/\/wakeparadise.it\/milano\/wp-content\/uploads\/sites\/4\/2026\/03\/1-768x1156.png 768w, https:\/\/wakeparadise.it\/milano\/wp-content\/uploads\/sites\/4\/2026\/03\/1-1021x1536.png 1021w, https:\/\/wakeparadise.it\/milano\/wp-content\/uploads\/sites\/4\/2026\/03\/1-1361x2048.png 1361w, https:\/\/wakeparadise.it\/milano\/wp-content\/uploads\/sites\/4\/2026\/03\/1-600x903.png 600w, https:\/\/wakeparadise.it\/milano\/wp-content\/uploads\/sites\/4\/2026\/03\/1-900x1354.png 900w, https:\/\/wakeparadise.it\/milano\/wp-content\/uploads\/sites\/4\/2026\/03\/1-scaled.png 1701w\" sizes=\"(max-width: 681px) 100vw, 681px\" \/>\t\t\t\t\t\t\t\t<\/a>\n\t\t\t\t\t\t\t\t\t\t\t\t\t\t\t<\/div>\n\t\t\t\t<\/div>\n\t\t<div class=\"elementor-element elementor-element-a2eed90 e-con-full e-flex qodef-elementor-content-no e-con e-child\" data-id=\"a2eed90\" data-element_type=\"container\" data-e-type=\"container\">\n\t\t\t\t<div class=\"elementor-element elementor-element-b9b096c elementor-widget elementor-widget-image\" data-id=\"b9b096c\" data-element_type=\"widget\" data-e-type=\"widget\" data-widget_type=\"image.default\">\n\t\t\t\t\t\t\t\t\t\t\t\t\t\t\t\t<a href=\"https:\/\/wakeparadise.wakesys.com\/browser\/index.php?page=buy_gift_cards&#038;ID_giftcard=375\" target=\"_blank\">\n\t\t\t\t\t\t\t<img decoding=\"async\" width=\"681\" height=\"1024\" src=\"https:\/\/wakeparadise.it\/milano\/wp-content\/uploads\/sites\/4\/2026\/04\/2-681x1024.png\" class=\"attachment-large size-large wp-image-17749\" alt=\"\" srcset=\"https:\/\/wakeparadise.it\/milano\/wp-content\/uploads\/sites\/4\/2026\/04\/2-681x1024.png 681w, https:\/\/wakeparadise.it\/milano\/wp-content\/uploads\/sites\/4\/2026\/04\/2-199x300.png 199w, https:\/\/wakeparadise.it\/milano\/wp-content\/uploads\/sites\/4\/2026\/04\/2-768x1156.png 768w, https:\/\/wakeparadise.it\/milano\/wp-content\/uploads\/sites\/4\/2026\/04\/2-1021x1536.png 1021w, https:\/\/wakeparadise.it\/milano\/wp-content\/uploads\/sites\/4\/2026\/04\/2-1361x2048.png 1361w, https:\/\/wakeparadise.it\/milano\/wp-content\/uploads\/sites\/4\/2026\/04\/2-600x903.png 600w, https:\/\/wakeparadise.it\/milano\/wp-content\/uploads\/sites\/4\/2026\/04\/2-900x1354.png 900w, https:\/\/wakeparadise.it\/milano\/wp-content\/uploads\/sites\/4\/2026\/04\/2-scaled.png 1701w\" sizes=\"(max-width: 681px) 100vw, 681px\" \/>\t\t\t\t\t\t\t\t<\/a>\n\t\t\t\t\t\t\t\t\t\t\t\t\t\t\t<\/div>\n\t\t\t\t<\/div>\n\t\t<div class=\"elementor-element elementor-element-1241ac0 e-con-full e-flex qodef-elementor-content-no e-con e-child\" data-id=\"1241ac0\" data-element_type=\"container\" data-e-type=\"container\">\n\t\t\t\t<div class=\"elementor-element elementor-element-5b6f7c2 elementor-widget elementor-widget-image\" data-id=\"5b6f7c2\" data-element_type=\"widget\" data-e-type=\"widget\" data-widget_type=\"image.default\">\n\t\t\t\t\t\t\t\t\t\t\t\t\t\t\t\t<a href=\"https:\/\/wakeparadise.wakesys.com\/browser\/index.php?page=buy_gift_cards&#038;ID_giftcard=374\" target=\"_blank\">\n\t\t\t\t\t\t\t<img decoding=\"async\" width=\"681\" height=\"1024\" src=\"https:\/\/wakeparadise.it\/milano\/wp-content\/uploads\/sites\/4\/2026\/03\/3-681x1024.png\" class=\"attachment-large size-large wp-image-17596\" alt=\"\" srcset=\"https:\/\/wakeparadise.it\/milano\/wp-content\/uploads\/sites\/4\/2026\/03\/3-681x1024.png 681w, https:\/\/wakeparadise.it\/milano\/wp-content\/uploads\/sites\/4\/2026\/03\/3-199x300.png 199w, https:\/\/wakeparadise.it\/milano\/wp-content\/uploads\/sites\/4\/2026\/03\/3-768x1156.png 768w, https:\/\/wakeparadise.it\/milano\/wp-content\/uploads\/sites\/4\/2026\/03\/3-1021x1536.png 1021w, https:\/\/wakeparadise.it\/milano\/wp-content\/uploads\/sites\/4\/2026\/03\/3-1361x2048.png 1361w, https:\/\/wakeparadise.it\/milano\/wp-content\/uploads\/sites\/4\/2026\/03\/3-600x903.png 600w, https:\/\/wakeparadise.it\/milano\/wp-content\/uploads\/sites\/4\/2026\/03\/3-900x1354.png 900w, https:\/\/wakeparadise.it\/milano\/wp-content\/uploads\/sites\/4\/2026\/03\/3-scaled.png 1701w\" sizes=\"(max-width: 681px) 100vw, 681px\" \/>\t\t\t\t\t\t\t\t<\/a>\n\t\t\t\t\t\t\t\t\t\t\t\t\t\t\t<\/div>\n\t\t\t\t<\/div>\n\t\t<div class=\"elementor-element elementor-element-00785d6 e-con-full e-flex qodef-elementor-content-no e-con e-child\" data-id=\"00785d6\" data-element_type=\"container\" data-e-type=\"container\">\n\t\t\t\t<div class=\"elementor-element elementor-element-78e1c30 elementor-widget elementor-widget-image\" data-id=\"78e1c30\" data-element_type=\"widget\" data-e-type=\"widget\" data-widget_type=\"image.default\">\n\t\t\t\t\t\t\t\t\t\t\t\t\t\t\t\t<a href=\"https:\/\/wakeparadise.wakesys.com\/browser\/index.php?page=buy_gift_cards&#038;ID_giftcard=376\" target=\"_blank\">\n\t\t\t\t\t\t\t<img loading=\"lazy\" decoding=\"async\" width=\"681\" height=\"1024\" src=\"https:\/\/wakeparadise.it\/milano\/wp-content\/uploads\/sites\/4\/2026\/03\/4-681x1024.png\" class=\"attachment-large size-large wp-image-17597\" alt=\"\" srcset=\"https:\/\/wakeparadise.it\/milano\/wp-content\/uploads\/sites\/4\/2026\/03\/4-681x1024.png 681w, https:\/\/wakeparadise.it\/milano\/wp-content\/uploads\/sites\/4\/2026\/03\/4-199x300.png 199w, https:\/\/wakeparadise.it\/milano\/wp-content\/uploads\/sites\/4\/2026\/03\/4-768x1156.png 768w, https:\/\/wakeparadise.it\/milano\/wp-content\/uploads\/sites\/4\/2026\/03\/4-1021x1536.png 1021w, https:\/\/wakeparadise.it\/milano\/wp-content\/uploads\/sites\/4\/2026\/03\/4-1361x2048.png 1361w, https:\/\/wakeparadise.it\/milano\/wp-content\/uploads\/sites\/4\/2026\/03\/4-600x903.png 600w, https:\/\/wakeparadise.it\/milano\/wp-content\/uploads\/sites\/4\/2026\/03\/4-900x1354.png 900w, https:\/\/wakeparadise.it\/milano\/wp-content\/uploads\/sites\/4\/2026\/03\/4-scaled.png 1701w\" sizes=\"(max-width: 681px) 100vw, 681px\" \/>\t\t\t\t\t\t\t\t<\/a>\n\t\t\t\t\t\t\t\t\t\t\t\t\t\t\t<\/div>\n\t\t\t\t<\/div>\n\t\t\t\t<\/div>\n\t\t<div class=\"elementor-element elementor-element-5f58e8c e-con-full e-flex qodef-elementor-content-no e-con e-parent\" data-id=\"5f58e8c\" data-element_type=\"container\" data-e-type=\"container\">\n\t\t<div class=\"elementor-element elementor-element-034785f e-con-full e-flex qodef-elementor-content-no e-con e-child\" data-id=\"034785f\" data-element_type=\"container\" data-e-type=\"container\">\n\t\t\t\t<div class=\"elementor-element elementor-element-c7d85f3 elementor-widget elementor-widget-qi_addons_for_elementor_section_title\" data-id=\"c7d85f3\" data-element_type=\"widget\" data-e-type=\"widget\" data-widget_type=\"qi_addons_for_elementor_section_title.default\">\n\t\t\t\t<div class=\"elementor-widget-container\">\n\t\t\t\t\t<div class=\"qodef-shortcode qodef-m qodef-qi-section-title qodef-decoration--italic qodef-link--underline-draw qodef-subtitle-icon--left\">\n\t\t\t<h2 class=\"qodef-m-title\">\n\t\tCome funziona?\t<\/h2>\n\t\t\t\t\t\t<\/div>\n\t\t\t\t<\/div>\n\t\t\t\t<\/div>\n\t\t<div class=\"elementor-element elementor-element-66cdd94 e-con-full e-flex qodef-elementor-content-no e-con e-child\" data-id=\"66cdd94\" data-element_type=\"container\" data-e-type=\"container\">\n\t\t\t\t<div class=\"elementor-element elementor-element-b304282 elementor-widget__width-initial elementor-widget elementor-widget-text-editor\" data-id=\"b304282\" data-element_type=\"widget\" data-e-type=\"widget\" data-widget_type=\"text-editor.default\">\n\t\t\t\t\t\t\t\t\t<p>La gift card funziona come una carta prepagata, un buono di spesa.&nbsp;<\/p><p>Per capire quale misura (S, M, L, XL) \u00e8 pi\u00f9 adatta a te, ti invitiamo prima a consultare la tabella dei prezzi delle varie attivit\u00e0.&nbsp;<\/p>\t\t\t\t\t\t\t\t<\/div>\n\t\t\t\t<\/div>\n\t\t\t\t<\/div>\n\t\t<div class=\"elementor-element elementor-element-0e306bb e-con-full e-flex qodef-elementor-content-no e-con e-child\" data-id=\"0e306bb\" data-element_type=\"container\" data-e-type=\"container\">\n\t\t\t\t<div class=\"elementor-element elementor-element-d5cdf38 elementor-widget elementor-widget-qi_addons_for_elementor_accordion\" data-id=\"d5cdf38\" data-element_type=\"widget\" data-e-type=\"widget\" data-widget_type=\"qi_addons_for_elementor_accordion.default\">\n\t\t\t\t<div class=\"elementor-widget-container\">\n\t\t\t\t\t<div class=\"qodef-shortcode qodef-m qodef-qi-accordion qodef-qi-clear qodef-behavior--toggle qodef-layout--simple qodef-style--border-between\">\n\t<h4 class=\"qodef-e-title-holder\">\n\t<span class=\"qodef-e-title\">COSA PUO\u2019 INCLUDERE?<\/span>\n\t<span class=\"qodef-e-mark\">\n\t\t<span class=\"qodef-icon--plus\">\n\t\t\t\t<span class=\"qodef-e-icon\">\n\t\t<svg aria-hidden=\"true\" class=\"e-font-icon-svg e-fas-plus\" viewBox=\"0 0 448 512\" xmlns=\"http:\/\/www.w3.org\/2000\/svg\"><path d=\"M416 208H272V64c0-17.67-14.33-32-32-32h-32c-17.67 0-32 14.33-32 32v144H32c-17.67 0-32 14.33-32 32v32c0 17.67 14.33 32 32 32h144v144c0 17.67 14.33 32 32 32h32c17.67 0 32-14.33 32-32V304h144c17.67 0 32-14.33 32-32v-32c0-17.67-14.33-32-32-32z\"><\/path><\/svg>\t<\/span>\n\t\t\t<\/span>\n\t\t<span class=\"qodef-icon--minus\">\n\t\t\t\t<span class=\"qodef-e-icon\">\n\t\t<svg aria-hidden=\"true\" class=\"e-font-icon-svg e-fas-minus\" viewBox=\"0 0 448 512\" xmlns=\"http:\/\/www.w3.org\/2000\/svg\"><path d=\"M416 208H32c-17.67 0-32 14.33-32 32v32c0 17.67 14.33 32 32 32h384c17.67 0 32-14.33 32-32v-32c0-17.67-14.33-32-32-32z\"><\/path><\/svg>\t<\/span>\n\t\t\t<\/span>\n\t<\/span>\n<\/h4>\n<div class=\"qodef-e-content\">\n\t<div class=\"qodef-e-content-inner\">\n\t\t<p>La Giftcard pu\u00f2 essere utilizzata in base al suo valore per l\u2019acquisto di tesseramento,<br \/>biglietti giornalieri, lezioni, noleggio o come parte di pacchetti ed abbonamenti.<\/p>\t<\/div>\n<\/div>\n<h4 class=\"qodef-e-title-holder\">\n\t<span class=\"qodef-e-title\">QUANDO SCADE?<\/span>\n\t<span class=\"qodef-e-mark\">\n\t\t<span class=\"qodef-icon--plus\">\n\t\t\t\t<span class=\"qodef-e-icon\">\n\t\t<svg aria-hidden=\"true\" class=\"e-font-icon-svg e-fas-plus\" viewBox=\"0 0 448 512\" xmlns=\"http:\/\/www.w3.org\/2000\/svg\"><path d=\"M416 208H272V64c0-17.67-14.33-32-32-32h-32c-17.67 0-32 14.33-32 32v144H32c-17.67 0-32 14.33-32 32v32c0 17.67 14.33 32 32 32h144v144c0 17.67 14.33 32 32 32h32c17.67 0 32-14.33 32-32V304h144c17.67 0 32-14.33 32-32v-32c0-17.67-14.33-32-32-32z\"><\/path><\/svg>\t<\/span>\n\t\t\t<\/span>\n\t\t<span class=\"qodef-icon--minus\">\n\t\t\t\t<span class=\"qodef-e-icon\">\n\t\t<svg aria-hidden=\"true\" class=\"e-font-icon-svg e-fas-minus\" viewBox=\"0 0 448 512\" xmlns=\"http:\/\/www.w3.org\/2000\/svg\"><path d=\"M416 208H32c-17.67 0-32 14.33-32 32v32c0 17.67 14.33 32 32 32h384c17.67 0 32-14.33 32-32v-32c0-17.67-14.33-32-32-32z\"><\/path><\/svg>\t<\/span>\n\t\t\t<\/span>\n\t<\/span>\n<\/h4>\n<div class=\"qodef-e-content\">\n\t<div class=\"qodef-e-content-inner\">\n\t\t<p>Il destinatario del regalo ha tempo un\u2019anno per attivare la carta.<br \/>Una volta fatto, il credito non ha pi\u00f9 scadenza.<\/p>\t<\/div>\n<\/div>\n<h4 class=\"qodef-e-title-holder\">\n\t<span class=\"qodef-e-title\">COME VIENE SPEDITA?<\/span>\n\t<span class=\"qodef-e-mark\">\n\t\t<span class=\"qodef-icon--plus\">\n\t\t\t\t<span class=\"qodef-e-icon\">\n\t\t<svg aria-hidden=\"true\" class=\"e-font-icon-svg e-fas-plus\" viewBox=\"0 0 448 512\" xmlns=\"http:\/\/www.w3.org\/2000\/svg\"><path d=\"M416 208H272V64c0-17.67-14.33-32-32-32h-32c-17.67 0-32 14.33-32 32v144H32c-17.67 0-32 14.33-32 32v32c0 17.67 14.33 32 32 32h144v144c0 17.67 14.33 32 32 32h32c17.67 0 32-14.33 32-32V304h144c17.67 0 32-14.33 32-32v-32c0-17.67-14.33-32-32-32z\"><\/path><\/svg>\t<\/span>\n\t\t\t<\/span>\n\t\t<span class=\"qodef-icon--minus\">\n\t\t\t\t<span class=\"qodef-e-icon\">\n\t\t<svg aria-hidden=\"true\" class=\"e-font-icon-svg e-fas-minus\" viewBox=\"0 0 448 512\" xmlns=\"http:\/\/www.w3.org\/2000\/svg\"><path d=\"M416 208H32c-17.67 0-32 14.33-32 32v32c0 17.67 14.33 32 32 32h384c17.67 0 32-14.33 32-32v-32c0-17.67-14.33-32-32-32z\"><\/path><\/svg>\t<\/span>\n\t\t\t<\/span>\n\t<\/span>\n<\/h4>\n<div class=\"qodef-e-content\">\n\t<div class=\"qodef-e-content-inner\">\n\t\t<p>La Giftcard viene spedita tramite allegato email in formato pdf.<br \/>L\u2019invio \u00e8 immediato. Non si pu\u00f2 quindi scegliere un giorno diverso da quello d\u2019acquisto.<\/p>\t<\/div>\n<\/div>\n<\/div>\n\t\t\t\t<\/div>\n\t\t\t\t<\/div>\n\t\t\t\t<\/div>\n\t\t\t\t<\/div>\n\t\t\t\t<\/div>\n\t\t","protected":false},"excerpt":{"rendered":"<p>GIFTCARD SURF, WAKE, SKATE &amp; MORE 4 DIVERSE TAGLIE DI GIFT CARD SCEGLI LA MISURA ADATTA A TE QUAL \u00c8 IL VANTAGGIO DI ACQUISTARE UNA GIFTCARD? \u200b \u00a0 1) MULTISPORT Puoi utilizzare il tuo buono scegliendo tra diverse attivit\u00e0 come wakeboard, surf, sup, skate e molto altro 2) FLESSIBILE Il destinatario del regalo ha 1 [&hellip;]<\/p>\n","protected":false},"author":2,"featured_media":8438,"parent":0,"menu_order":0,"comment_status":"closed","ping_status":"closed","template":"elementor_canvas","meta":{"footnotes":""},"class_list":["post-9409","page","type-page","status-publish","has-post-thumbnail","hentry"],"yoast_head":"<!-- This site is optimized with the Yoast SEO plugin v27.1.1 - https:\/\/yoast.com\/product\/yoast-seo-wordpress\/ -->\n<title>Gift Card - Milano<\/title>\n<meta name=\"description\" content=\"La gift card funziona come una carta prepagata, un buono da spendere all&#039;interno di Wakeparadise. Scegli la misura pi\u00f9 adatta a te.\" \/>\n<meta name=\"robots\" content=\"index, follow, max-snippet:-1, max-image-preview:large, max-video-preview:-1\" \/>\n<link rel=\"canonical\" href=\"https:\/\/wakeparadise.it\/milano\/gift-card\/\" \/>\n<meta property=\"og:locale\" content=\"it_IT\" \/>\n<meta property=\"og:type\" content=\"article\" \/>\n<meta property=\"og:title\" content=\"Gift Card - Milano\" \/>\n<meta property=\"og:description\" content=\"La gift card funziona come una carta prepagata, un buono da spendere all&#039;interno di Wakeparadise. Scegli la misura pi\u00f9 adatta a te.\" \/>\n<meta property=\"og:url\" content=\"https:\/\/wakeparadise.it\/milano\/gift-card\/\" \/>\n<meta property=\"og:site_name\" content=\"Milano\" \/>\n<meta property=\"article:modified_time\" content=\"2026-04-10T14:24:12+00:00\" \/>\n<meta property=\"og:image\" content=\"https:\/\/wakeparadise.it\/milano\/wp-content\/uploads\/sites\/4\/2022\/12\/291594522_5367672083325521_887251467591788456_n.jpg\" \/>\n\t<meta property=\"og:image:width\" content=\"2048\" \/>\n\t<meta property=\"og:image:height\" content=\"1367\" \/>\n\t<meta property=\"og:image:type\" content=\"image\/jpeg\" \/>\n<meta name=\"twitter:card\" content=\"summary_large_image\" \/>\n<meta name=\"twitter:label1\" content=\"Tempo di lettura stimato\" \/>\n\t<meta name=\"twitter:data1\" content=\"1 minuto\" \/>\n<script type=\"application\/ld+json\" class=\"yoast-schema-graph\">{\"@context\":\"https:\/\/schema.org\",\"@graph\":[{\"@type\":\"WebPage\",\"@id\":\"https:\/\/wakeparadise.it\/milano\/gift-card\/\",\"url\":\"https:\/\/wakeparadise.it\/milano\/gift-card\/\",\"name\":\"Gift Card - Milano\",\"isPartOf\":{\"@id\":\"https:\/\/wakeparadise.it\/milano\/#website\"},\"primaryImageOfPage\":{\"@id\":\"https:\/\/wakeparadise.it\/milano\/gift-card\/#primaryimage\"},\"image\":{\"@id\":\"https:\/\/wakeparadise.it\/milano\/gift-card\/#primaryimage\"},\"thumbnailUrl\":\"https:\/\/wakeparadise.it\/milano\/wp-content\/uploads\/sites\/4\/2022\/12\/291594522_5367672083325521_887251467591788456_n.jpg\",\"datePublished\":\"2023-01-11T00:29:57+00:00\",\"dateModified\":\"2026-04-10T14:24:12+00:00\",\"description\":\"La gift card funziona come una carta prepagata, un buono da spendere all'interno di Wakeparadise. Scegli la misura pi\u00f9 adatta a te.\",\"breadcrumb\":{\"@id\":\"https:\/\/wakeparadise.it\/milano\/gift-card\/#breadcrumb\"},\"inLanguage\":\"it-IT\",\"potentialAction\":[{\"@type\":\"ReadAction\",\"target\":[\"https:\/\/wakeparadise.it\/milano\/gift-card\/\"]}]},{\"@type\":\"ImageObject\",\"inLanguage\":\"it-IT\",\"@id\":\"https:\/\/wakeparadise.it\/milano\/gift-card\/#primaryimage\",\"url\":\"https:\/\/wakeparadise.it\/milano\/wp-content\/uploads\/sites\/4\/2022\/12\/291594522_5367672083325521_887251467591788456_n.jpg\",\"contentUrl\":\"https:\/\/wakeparadise.it\/milano\/wp-content\/uploads\/sites\/4\/2022\/12\/291594522_5367672083325521_887251467591788456_n.jpg\",\"width\":2048,\"height\":1367,\"caption\":\"Gift Card\"},{\"@type\":\"BreadcrumbList\",\"@id\":\"https:\/\/wakeparadise.it\/milano\/gift-card\/#breadcrumb\",\"itemListElement\":[{\"@type\":\"ListItem\",\"position\":1,\"name\":\"Home\",\"item\":\"https:\/\/wakeparadise.it\/milano\/\"},{\"@type\":\"ListItem\",\"position\":2,\"name\":\"Gift Card\"}]},{\"@type\":\"WebSite\",\"@id\":\"https:\/\/wakeparadise.it\/milano\/#website\",\"url\":\"https:\/\/wakeparadise.it\/milano\/\",\"name\":\"Wakeparadise Milano\",\"description\":\"Wake &amp; Surf - Milano\",\"publisher\":{\"@id\":\"https:\/\/wakeparadise.it\/milano\/#organization\"},\"potentialAction\":[{\"@type\":\"SearchAction\",\"target\":{\"@type\":\"EntryPoint\",\"urlTemplate\":\"https:\/\/wakeparadise.it\/milano\/?s={search_term_string}\"},\"query-input\":{\"@type\":\"PropertyValueSpecification\",\"valueRequired\":true,\"valueName\":\"search_term_string\"}}],\"inLanguage\":\"it-IT\"},{\"@type\":\"Organization\",\"@id\":\"https:\/\/wakeparadise.it\/milano\/#organization\",\"name\":\"Wakeparadise Milano\",\"url\":\"https:\/\/wakeparadise.it\/milano\/\",\"logo\":{\"@type\":\"ImageObject\",\"inLanguage\":\"it-IT\",\"@id\":\"https:\/\/wakeparadise.it\/milano\/#\/schema\/logo\/image\/\",\"url\":\"https:\/\/wakeparadise.it\/milano\/wp-content\/uploads\/sites\/4\/2025\/06\/wakeparadise_logo_new-w-scaled.png\",\"contentUrl\":\"https:\/\/wakeparadise.it\/milano\/wp-content\/uploads\/sites\/4\/2025\/06\/wakeparadise_logo_new-w-scaled.png\",\"width\":2560,\"height\":801,\"caption\":\"Wakeparadise Milano\"},\"image\":{\"@id\":\"https:\/\/wakeparadise.it\/milano\/#\/schema\/logo\/image\/\"},\"sameAs\":[\"https:\/\/www.instagram.com\/wakeparadisemilano\"]}]}<\/script>\n<!-- \/ Yoast SEO plugin. -->","yoast_head_json":{"title":"Gift Card - Milano","description":"La gift card funziona come una carta prepagata, un buono da spendere all'interno di Wakeparadise. Scegli la misura pi\u00f9 adatta a te.","robots":{"index":"index","follow":"follow","max-snippet":"max-snippet:-1","max-image-preview":"max-image-preview:large","max-video-preview":"max-video-preview:-1"},"canonical":"https:\/\/wakeparadise.it\/milano\/gift-card\/","og_locale":"it_IT","og_type":"article","og_title":"Gift Card - Milano","og_description":"La gift card funziona come una carta prepagata, un buono da spendere all'interno di Wakeparadise. Scegli la misura pi\u00f9 adatta a te.","og_url":"https:\/\/wakeparadise.it\/milano\/gift-card\/","og_site_name":"Milano","article_modified_time":"2026-04-10T14:24:12+00:00","og_image":[{"width":2048,"height":1367,"url":"https:\/\/wakeparadise.it\/milano\/wp-content\/uploads\/sites\/4\/2022\/12\/291594522_5367672083325521_887251467591788456_n.jpg","type":"image\/jpeg"}],"twitter_card":"summary_large_image","twitter_misc":{"Tempo di lettura stimato":"1 minuto"},"schema":{"@context":"https:\/\/schema.org","@graph":[{"@type":"WebPage","@id":"https:\/\/wakeparadise.it\/milano\/gift-card\/","url":"https:\/\/wakeparadise.it\/milano\/gift-card\/","name":"Gift Card - Milano","isPartOf":{"@id":"https:\/\/wakeparadise.it\/milano\/#website"},"primaryImageOfPage":{"@id":"https:\/\/wakeparadise.it\/milano\/gift-card\/#primaryimage"},"image":{"@id":"https:\/\/wakeparadise.it\/milano\/gift-card\/#primaryimage"},"thumbnailUrl":"https:\/\/wakeparadise.it\/milano\/wp-content\/uploads\/sites\/4\/2022\/12\/291594522_5367672083325521_887251467591788456_n.jpg","datePublished":"2023-01-11T00:29:57+00:00","dateModified":"2026-04-10T14:24:12+00:00","description":"La gift card funziona come una carta prepagata, un buono da spendere all'interno di Wakeparadise. Scegli la misura pi\u00f9 adatta a te.","breadcrumb":{"@id":"https:\/\/wakeparadise.it\/milano\/gift-card\/#breadcrumb"},"inLanguage":"it-IT","potentialAction":[{"@type":"ReadAction","target":["https:\/\/wakeparadise.it\/milano\/gift-card\/"]}]},{"@type":"ImageObject","inLanguage":"it-IT","@id":"https:\/\/wakeparadise.it\/milano\/gift-card\/#primaryimage","url":"https:\/\/wakeparadise.it\/milano\/wp-content\/uploads\/sites\/4\/2022\/12\/291594522_5367672083325521_887251467591788456_n.jpg","contentUrl":"https:\/\/wakeparadise.it\/milano\/wp-content\/uploads\/sites\/4\/2022\/12\/291594522_5367672083325521_887251467591788456_n.jpg","width":2048,"height":1367,"caption":"Gift Card"},{"@type":"BreadcrumbList","@id":"https:\/\/wakeparadise.it\/milano\/gift-card\/#breadcrumb","itemListElement":[{"@type":"ListItem","position":1,"name":"Home","item":"https:\/\/wakeparadise.it\/milano\/"},{"@type":"ListItem","position":2,"name":"Gift Card"}]},{"@type":"WebSite","@id":"https:\/\/wakeparadise.it\/milano\/#website","url":"https:\/\/wakeparadise.it\/milano\/","name":"Wakeparadise Milano","description":"Wake &amp; Surf - Milano","publisher":{"@id":"https:\/\/wakeparadise.it\/milano\/#organization"},"potentialAction":[{"@type":"SearchAction","target":{"@type":"EntryPoint","urlTemplate":"https:\/\/wakeparadise.it\/milano\/?s={search_term_string}"},"query-input":{"@type":"PropertyValueSpecification","valueRequired":true,"valueName":"search_term_string"}}],"inLanguage":"it-IT"},{"@type":"Organization","@id":"https:\/\/wakeparadise.it\/milano\/#organization","name":"Wakeparadise Milano","url":"https:\/\/wakeparadise.it\/milano\/","logo":{"@type":"ImageObject","inLanguage":"it-IT","@id":"https:\/\/wakeparadise.it\/milano\/#\/schema\/logo\/image\/","url":"https:\/\/wakeparadise.it\/milano\/wp-content\/uploads\/sites\/4\/2025\/06\/wakeparadise_logo_new-w-scaled.png","contentUrl":"https:\/\/wakeparadise.it\/milano\/wp-content\/uploads\/sites\/4\/2025\/06\/wakeparadise_logo_new-w-scaled.png","width":2560,"height":801,"caption":"Wakeparadise Milano"},"image":{"@id":"https:\/\/wakeparadise.it\/milano\/#\/schema\/logo\/image\/"},"sameAs":["https:\/\/www.instagram.com\/wakeparadisemilano"]}]}},"_links":{"self":[{"href":"https:\/\/wakeparadise.it\/milano\/wp-json\/wp\/v2\/pages\/9409","targetHints":{"allow":["GET"]}}],"collection":[{"href":"https:\/\/wakeparadise.it\/milano\/wp-json\/wp\/v2\/pages"}],"about":[{"href":"https:\/\/wakeparadise.it\/milano\/wp-json\/wp\/v2\/types\/page"}],"author":[{"embeddable":true,"href":"https:\/\/wakeparadise.it\/milano\/wp-json\/wp\/v2\/users\/2"}],"replies":[{"embeddable":true,"href":"https:\/\/wakeparadise.it\/milano\/wp-json\/wp\/v2\/comments?post=9409"}],"version-history":[{"count":37,"href":"https:\/\/wakeparadise.it\/milano\/wp-json\/wp\/v2\/pages\/9409\/revisions"}],"predecessor-version":[{"id":17846,"href":"https:\/\/wakeparadise.it\/milano\/wp-json\/wp\/v2\/pages\/9409\/revisions\/17846"}],"wp:featuredmedia":[{"embeddable":true,"href":"https:\/\/wakeparadise.it\/milano\/wp-json\/wp\/v2\/media\/8438"}],"wp:attachment":[{"href":"https:\/\/wakeparadise.it\/milano\/wp-json\/wp\/v2\/media?parent=9409"}],"curies":[{"name":"wp","href":"https:\/\/api.w.org\/{rel}","templated":true}]}}